{"id":44,"date":"2025-02-21T20:04:08","date_gmt":"2025-02-21T19:04:08","guid":{"rendered":"https:\/\/www.jetcom.cz\/?page_id=44"},"modified":"2025-11-25T11:49:31","modified_gmt":"2025-11-25T10:49:31","slug":"kontakty","status":"publish","type":"page","link":"https:\/\/www.jetcom.cz\/?page_id=44","title":{"rendered":"Kontakty"},"content":{"rendered":"<h2>JETPROCOM s.r.o.<\/h2>\n<p>Mari\u00e1nsk\u00e1 253, 744 01 Fren\u0161t\u00e1t p.R.\u00a0 I\u010cO: 25826921\u00a0 DI\u0106: CZ25826921<\/p>\n<h4>Obchodn\u00ed a technick\u00fd kontakt:<\/h4>\n<p>Dan Jal\u016fvka, e-mail: djaluvka@jetcom.cz, tel. +420602 775 373<\/p>\n<h4>Technick\u00fd kontakt a DVB-T:<\/h4>\n<p>Michal Vojtek, e-mail: mvojtek@jetcom.cz, tel. +420603 822 155<\/p>\n<h4>Kontakt DSA:<\/h4>\n<p>Michal Vojtek, e-mail: dsa@jetcom.cz, tel. +420603 822 155<\/p>\n<p>&nbsp;<\/p>\n<p>&nbsp;<\/p>\n<p>&nbsp;<\/p>\n","protected":false},"excerpt":{"rendered":"<p>JETPROCOM s.r.o. Mari\u00e1nsk\u00e1 253, 744 01 Fren\u0161t\u00e1t p.R.\u00a0 I\u010cO: 25826921\u00a0 DI\u0106: CZ25826921 Obchodn\u00ed a technick\u00fd kontakt: Dan Jal\u016fvka, e-mail: djaluvka@jetcom.cz, tel. +420602 775 373 Technick\u00fd kontakt a DVB-T: Michal Vojtek, e-mail: mvojtek@jetcom.cz, tel. +420603 822 155 Kontakt DSA: Michal Vojtek, e-mail: dsa@jetcom.cz, tel. +420603 822 155 &nbsp; &nbsp; &nbsp;<\/p>\n","protected":false},"author":1,"featured_media":0,"parent":0,"menu_order":0,"comment_status":"closed","ping_status":"closed","template":"","meta":{"_et_pb_use_builder":"off","_et_pb_old_content":"","_et_gb_content_width":"","footnotes":""},"class_list":["post-44","page","type-page","status-publish","hentry"],"_links":{"self":[{"href":"https:\/\/www.jetcom.cz\/index.php?rest_route=\/wp\/v2\/pages\/44","targetHints":{"allow":["GET"]}}],"collection":[{"href":"https:\/\/www.jetcom.cz\/index.php?rest_route=\/wp\/v2\/pages"}],"about":[{"href":"https:\/\/www.jetcom.cz\/index.php?rest_route=\/wp\/v2\/types\/page"}],"author":[{"embeddable":true,"href":"https:\/\/www.jetcom.cz\/index.php?rest_route=\/wp\/v2\/users\/1"}],"replies":[{"embeddable":true,"href":"https:\/\/www.jetcom.cz\/index.php?rest_route=%2Fwp%2Fv2%2Fcomments&post=44"}],"version-history":[{"count":8,"href":"https:\/\/www.jetcom.cz\/index.php?rest_route=\/wp\/v2\/pages\/44\/revisions"}],"predecessor-version":[{"id":116,"href":"https:\/\/www.jetcom.cz\/index.php?rest_route=\/wp\/v2\/pages\/44\/revisions\/116"}],"wp:attachment":[{"href":"https:\/\/www.jetcom.cz\/index.php?rest_route=%2Fwp%2Fv2%2Fmedia&parent=44"}],"curies":[{"name":"wp","href":"https:\/\/api.w.org\/{rel}","templated":true}]}}