{"id":37,"date":"2025-02-21T19:55:45","date_gmt":"2025-02-21T18:55:45","guid":{"rendered":"https:\/\/www.jetcom.cz\/?page_id=37"},"modified":"2025-09-12T10:19:04","modified_gmt":"2025-09-12T08:19:04","slug":"soubory-ke-stazeni","status":"publish","type":"page","link":"https:\/\/www.jetcom.cz\/?page_id=37","title":{"rendered":"Soubory ke sta\u017een\u00ed"},"content":{"rendered":"<p><a href=\"https:\/\/www.jetcom.cz\/wp-content\/uploads\/2025\/09\/Cenik_Sluzeb.pdf\">Cenik_Sluzeb<\/a><\/p>\n<p><a href=\"https:\/\/www.jetcom.cz\/wp-content\/uploads\/2025\/03\/Zmena_poskytovatele_Jetprocom.pdf\">Zm\u011bna poskytovatele Internetu<\/a><\/p>\n<p><a href=\"https:\/\/www.jetcom.cz\/wp-content\/uploads\/2025\/03\/Vypoved_smlouvy_Jetprocom.pdf\">V\u00fdpove\u010f smlouvy Jetprocom<\/a><\/p>\n<p><a href=\"https:\/\/www.jetcom.cz\/wp-content\/uploads\/2025\/03\/Vseobecne_obchodni_podminky_Jetprocom.pdf\">V\u0161eobecne podm\u00ednky<\/a><\/p>\n<p><a href=\"https:\/\/www.jetcom.cz\/wp-content\/uploads\/2025\/02\/shrnuti-smlouvy-Internet.pdf\">Shrnut\u00ed smlouvy Internet<\/a><\/p>\n<p><a href=\"https:\/\/www.jetcom.cz\/wp-content\/uploads\/2025\/03\/Specifikace_sluzby_Internet.pdf\">Specifikace slu\u017eby Internet v pevn\u00e9m m\u00edst\u011b<\/a><\/p>\n<p><a href=\"https:\/\/www.jetcom.cz\/wp-content\/uploads\/2025\/09\/Smlouva_Jetprocom.pdf\">Vzor Smlouvy<\/a><\/p>\n<p><a href=\"https:\/\/www.jetcom.cz\/wp-content\/uploads\/2025\/02\/reklamace_sluzeb_elektronickych_komunikaci_JPC.pdf\">Reklamace Slu\u017eeb<\/a><\/p>\n<p><a href=\"https:\/\/www.jetcom.cz\/wp-content\/uploads\/2025\/02\/souhlas_gdpr.pdf\">Souhlas GDPR<\/a><\/p>\n","protected":false},"excerpt":{"rendered":"<p>Cenik_Sluzeb Zm\u011bna poskytovatele Internetu V\u00fdpove\u010f smlouvy Jetprocom V\u0161eobecne podm\u00ednky Shrnut\u00ed smlouvy Internet Specifikace slu\u017eby Internet v pevn\u00e9m m\u00edst\u011b Vzor Smlouvy Reklamace Slu\u017eeb Souhlas GDPR<\/p>\n","protected":false},"author":1,"featured_media":0,"parent":0,"menu_order":0,"comment_status":"closed","ping_status":"closed","template":"","meta":{"_et_pb_use_builder":"","_et_pb_old_content":"","_et_gb_content_width":"","footnotes":""},"class_list":["post-37","page","type-page","status-publish","hentry"],"_links":{"self":[{"href":"https:\/\/www.jetcom.cz\/index.php?rest_route=\/wp\/v2\/pages\/37","targetHints":{"allow":["GET"]}}],"collection":[{"href":"https:\/\/www.jetcom.cz\/index.php?rest_route=\/wp\/v2\/pages"}],"about":[{"href":"https:\/\/www.jetcom.cz\/index.php?rest_route=\/wp\/v2\/types\/page"}],"author":[{"embeddable":true,"href":"https:\/\/www.jetcom.cz\/index.php?rest_route=\/wp\/v2\/users\/1"}],"replies":[{"embeddable":true,"href":"https:\/\/www.jetcom.cz\/index.php?rest_route=%2Fwp%2Fv2%2Fcomments&post=37"}],"version-history":[{"count":15,"href":"https:\/\/www.jetcom.cz\/index.php?rest_route=\/wp\/v2\/pages\/37\/revisions"}],"predecessor-version":[{"id":114,"href":"https:\/\/www.jetcom.cz\/index.php?rest_route=\/wp\/v2\/pages\/37\/revisions\/114"}],"wp:attachment":[{"href":"https:\/\/www.jetcom.cz\/index.php?rest_route=%2Fwp%2Fv2%2Fmedia&parent=37"}],"curies":[{"name":"wp","href":"https:\/\/api.w.org\/{rel}","templated":true}]}}