{"id":34,"date":"2025-02-21T19:50:30","date_gmt":"2025-02-21T18:50:30","guid":{"rendered":"https:\/\/www.jetcom.cz\/?page_id=34"},"modified":"2025-09-12T09:40:28","modified_gmt":"2025-09-12T07:40:28","slug":"internet","status":"publish","type":"page","link":"https:\/\/www.jetcom.cz\/?page_id=34","title":{"rendered":"Internet"},"content":{"rendered":"<h2><\/h2>\n<h2><strong>P\u0159ipojen\u00ed k Internetu v lokalit\u00e1ch Fren\u0161t\u00e1t p.R., Trojanovice, Lichnov<\/strong><\/h2>\n<hr \/>\n<p>&nbsp;<\/p>\n<p>Umo\u017en\u00edme V\u00e1m p\u0159ipojen\u00ed k celosv\u011btov\u00e9 s\u00edti <strong>INTERNET<\/strong> pomoc\u00ed s\u00edt\u011b vys\u00edla\u010d\u016f <strong>WiFi 5GHz<\/strong> um\u00edst\u011bn\u00fdch v dan\u00fdch oblastech a na okoln\u00edch kopc\u00edch<\/p>\n<p>Maxim\u00e1ln\u00ed dosahovan\u00e1 rychlost p\u0159ipojen\u00ed je <strong>30\/5 Mbit\/s. <\/strong>Cena za slu\u017ebu \u010din\u00ed <strong>330,- K\u010d bez DPH<\/strong>, dal\u0161\u00ed parametry slu\u017eby najdete v sekci &#8222;<a href=\"https:\/\/www.jetcom.cz\/?page_id=37\">Soubory ke sta\u017een\u00ed<\/a>&#8220; v souboru &#8222;Specifikace slu\u017eby Internet v pevn\u00e9m m\u00edst\u011b&#8220;<\/p>\n<p>Pro konkr\u00e9tn\u00ed technick\u00e9 mo\u017enosti p\u0159ipojen\u00ed n\u00e1s m\u016f\u017eete kontaktovat na e-mailov\u00e9 adrese: <strong>sales@jetcom.cz<\/strong><\/p>\n<p>D\u00e1le na tel. \u010d\u00edslech +420602775373, +420603822155<\/p>\n<p>&nbsp;<\/p>\n","protected":false},"excerpt":{"rendered":"<p>P\u0159ipojen\u00ed k Internetu v lokalit\u00e1ch Fren\u0161t\u00e1t p.R., Trojanovice, Lichnov &nbsp; Umo\u017en\u00edme V\u00e1m p\u0159ipojen\u00ed k celosv\u011btov\u00e9 s\u00edti INTERNET pomoc\u00ed s\u00edt\u011b vys\u00edla\u010d\u016f WiFi 5GHz um\u00edst\u011bn\u00fdch v dan\u00fdch oblastech a na okoln\u00edch kopc\u00edch Maxim\u00e1ln\u00ed dosahovan\u00e1 rychlost p\u0159ipojen\u00ed je 30\/5 Mbit\/s. Cena za slu\u017ebu \u010din\u00ed 330,- K\u010d bez DPH, dal\u0161\u00ed parametry slu\u017eby najdete v sekci &#8222;Soubory ke sta\u017een\u00ed&#8220; v [&hellip;]<\/p>\n","protected":false},"author":1,"featured_media":0,"parent":0,"menu_order":0,"comment_status":"closed","ping_status":"closed","template":"","meta":{"_et_pb_use_builder":"off","_et_pb_old_content":"","_et_gb_content_width":"","footnotes":""},"class_list":["post-34","page","type-page","status-publish","hentry"],"_links":{"self":[{"href":"https:\/\/www.jetcom.cz\/index.php?rest_route=\/wp\/v2\/pages\/34","targetHints":{"allow":["GET"]}}],"collection":[{"href":"https:\/\/www.jetcom.cz\/index.php?rest_route=\/wp\/v2\/pages"}],"about":[{"href":"https:\/\/www.jetcom.cz\/index.php?rest_route=\/wp\/v2\/types\/page"}],"author":[{"embeddable":true,"href":"https:\/\/www.jetcom.cz\/index.php?rest_route=\/wp\/v2\/users\/1"}],"replies":[{"embeddable":true,"href":"https:\/\/www.jetcom.cz\/index.php?rest_route=%2Fwp%2Fv2%2Fcomments&post=34"}],"version-history":[{"count":18,"href":"https:\/\/www.jetcom.cz\/index.php?rest_route=\/wp\/v2\/pages\/34\/revisions"}],"predecessor-version":[{"id":111,"href":"https:\/\/www.jetcom.cz\/index.php?rest_route=\/wp\/v2\/pages\/34\/revisions\/111"}],"wp:attachment":[{"href":"https:\/\/www.jetcom.cz\/index.php?rest_route=%2Fwp%2Fv2%2Fmedia&parent=34"}],"curies":[{"name":"wp","href":"https:\/\/api.w.org\/{rel}","templated":true}]}}