{"id":19,"date":"2025-02-21T18:37:02","date_gmt":"2025-02-21T17:37:02","guid":{"rendered":"https:\/\/www.jetcom.cz\/?page_id=19"},"modified":"2025-02-22T13:40:45","modified_gmt":"2025-02-22T12:40:45","slug":"domu","status":"publish","type":"page","link":"https:\/\/www.jetcom.cz\/","title":{"rendered":"Dom\u016f"},"content":{"rendered":"<h2><\/h2>\n<h2><strong>JetProCom s.r.o.<\/strong> &#8211; V\u00e1\u0161 p\u0159ipojovatel k <span style=\"color: #0000ff;\"><strong><a style=\"color: #0000ff;\" href=\"https:\/\/www.jetcom.cz\/?page_id=34\">Internetu<\/a><\/strong><\/span> a digit\u00e1ln\u00edmu vys\u00edl\u00e1n\u00ed <span style=\"color: #0000ff;\"><strong>DVB-T<\/strong><\/span><\/h2>\n<p>&nbsp;<\/p>\n<p>&nbsp;<\/p>\n","protected":false},"excerpt":{"rendered":"<p>JetProCom s.r.o. &#8211; V\u00e1\u0161 p\u0159ipojovatel k Internetu a digit\u00e1ln\u00edmu vys\u00edl\u00e1n\u00ed DVB-T &nbsp; &nbsp;<\/p>\n","protected":false},"author":2,"featured_media":0,"parent":0,"menu_order":0,"comment_status":"closed","ping_status":"closed","template":"","meta":{"_et_pb_use_builder":"off","_et_pb_old_content":"","_et_gb_content_width":"","footnotes":""},"class_list":["post-19","page","type-page","status-publish","hentry"],"_links":{"self":[{"href":"https:\/\/www.jetcom.cz\/index.php?rest_route=\/wp\/v2\/pages\/19","targetHints":{"allow":["GET"]}}],"collection":[{"href":"https:\/\/www.jetcom.cz\/index.php?rest_route=\/wp\/v2\/pages"}],"about":[{"href":"https:\/\/www.jetcom.cz\/index.php?rest_route=\/wp\/v2\/types\/page"}],"author":[{"embeddable":true,"href":"https:\/\/www.jetcom.cz\/index.php?rest_route=\/wp\/v2\/users\/2"}],"replies":[{"embeddable":true,"href":"https:\/\/www.jetcom.cz\/index.php?rest_route=%2Fwp%2Fv2%2Fcomments&post=19"}],"version-history":[{"count":11,"href":"https:\/\/www.jetcom.cz\/index.php?rest_route=\/wp\/v2\/pages\/19\/revisions"}],"predecessor-version":[{"id":89,"href":"https:\/\/www.jetcom.cz\/index.php?rest_route=\/wp\/v2\/pages\/19\/revisions\/89"}],"wp:attachment":[{"href":"https:\/\/www.jetcom.cz\/index.php?rest_route=%2Fwp%2Fv2%2Fmedia&parent=19"}],"curies":[{"name":"wp","href":"https:\/\/api.w.org\/{rel}","templated":true}]}}